{"id":1943,"date":"2017-11-16T14:25:20","date_gmt":"2017-11-16T13:25:21","guid":{"rendered":"http:\/\/www.pizzeriachezjeannot.com\/?post_type=product&#038;p=1943\/"},"modified":"2023-03-13T00:51:35","modified_gmt":"2023-03-12T23:51:35","slug":"bon-cadeau-valeur-libre","status":"publish","type":"product","link":"https:\/\/www.pizzeriachezjeannot.com\/en\/produit\/bon-cadeau-valeur-libre\/","title":{"rendered":"Bon cadeau Chez Jeannot valeur libre"},"content":{"rendered":"<p><span style=\"text-decoration: underline;\"><strong>Mode d&#8217;emploi<\/strong><\/span><br \/>\nVous remplissez le formulaire de droite et une fois l&#8217;achat du bon effectu\u00e9, le lien de t\u00e9l\u00e9chargement du bon sera envoy\u00e9 directement \u00e0 l&#8217;email du b\u00e9n\u00e9ficiaire renseign\u00e9.<\/p>\n<p><em><strong>Astuce :<\/strong> <\/em>Vous souhaitez offrir ce bon en personne, indiquez votre email en lieu et place de celui du b\u00e9n\u00e9ficiaire. Notez que vous pouvez \u00e9galement le t\u00e9l\u00e9charger sur la page de confirmation de paiement, apr\u00e8s le &#8220;retour boutique&#8221;<\/p>\n<p><strong><span style=\"text-decoration: underline;\">Conditions d&#8217;utilisation<\/span><\/strong><br \/>\nLe bon cadeau est\u00a0 valable pour tous les plats de la carte du restaurant.<br \/>\nLe Bon cadeau n&#8217;est ni \u00e9changeable, ni remboursable.<br \/>\nUne R\u00e9servation est obligatoire en amont, et avant la date d&#8217;expiration du bon cadeau \u00e0 savoir 365 jours apr\u00e8s achat.<\/p>\n","protected":false},"excerpt":{"rendered":"<p><span style=\"text-decoration: underline;\"><strong>Une magnifique exp\u00e9rience\u00a0:<br \/>\n<\/strong><\/span>Offrez un moment\u00a0 inoubliable \u00e0 votre famille, vos amis ou vos relations professionnelles.<br \/>\nUn diner pour deux au restaurant &#8220;Chez Jeannot&#8221;, \u00e0 d\u00e9guster ses bons plats face au Vallon des Auffes petit port typique au c\u0153ur de Marseille.<\/p>\n<p>A l\u2019occasion d\u2019un anniversaire, d\u2019un \u00e9v\u00e9nement pour vos proches ou vos amis ou tout simplement pour faire plaisir,\u2026<br \/>\nNous vous proposons les bons cadeaux personnalis\u00e9s. <strong>(Minimum 50\u20ac)<\/strong><\/p>\n","protected":false},"featured_media":1998,"template":"","meta":[],"product_brand":[],"product_cat":[25],"product_tag":[],"class_list":{"0":"post-1943","1":"product","2":"type-product","3":"status-publish","4":"has-post-thumbnail","6":"product_cat-bon-cadeau","8":"first","9":"instock","10":"downloadable","11":"virtual","12":"purchasable","13":"product-type-simple"},"_links":{"self":[{"href":"https:\/\/www.pizzeriachezjeannot.com\/en\/wp-json\/wp\/v2\/product\/1943","targetHints":{"allow":["GET"]}}],"collection":[{"href":"https:\/\/www.pizzeriachezjeannot.com\/en\/wp-json\/wp\/v2\/product"}],"about":[{"href":"https:\/\/www.pizzeriachezjeannot.com\/en\/wp-json\/wp\/v2\/types\/product"}],"wp:featuredmedia":[{"embeddable":true,"href":"https:\/\/www.pizzeriachezjeannot.com\/en\/wp-json\/wp\/v2\/media\/1998"}],"wp:attachment":[{"href":"https:\/\/www.pizzeriachezjeannot.com\/en\/wp-json\/wp\/v2\/media?parent=1943"}],"wp:term":[{"taxonomy":"product_brand","embeddable":true,"href":"https:\/\/www.pizzeriachezjeannot.com\/en\/wp-json\/wp\/v2\/product_brand?post=1943"},{"taxonomy":"product_cat","embeddable":true,"href":"https:\/\/www.pizzeriachezjeannot.com\/en\/wp-json\/wp\/v2\/product_cat?post=1943"},{"taxonomy":"product_tag","embeddable":true,"href":"https:\/\/www.pizzeriachezjeannot.com\/en\/wp-json\/wp\/v2\/product_tag?post=1943"}],"curies":[{"name":"wp","href":"https:\/\/api.w.org\/{rel}","templated":true}]}}